{"id":461,"date":"2021-12-04T21:25:06","date_gmt":"2021-12-04T21:25:06","guid":{"rendered":"https:\/\/lukx.be\/tee-shirt\/?page_id=461"},"modified":"2021-12-05T19:57:50","modified_gmt":"2021-12-05T19:57:50","slug":"contact","status":"publish","type":"page","link":"https:\/\/lukx.be\/tee-shirt\/index.php\/contact\/","title":{"rendered":"Music"},"content":{"rendered":"<p>[et_pb_section fb_built=&#8221;1&#8243; _builder_version=&#8221;4.9.2&#8243; _module_preset=&#8221;default&#8221; background_enable_image=&#8221;off&#8221; background_size=&#8221;contain&#8221; background_position=&#8221;bottom_center&#8221; custom_padding=&#8221;50px||4px|||&#8221; background_last_edited=&#8221;on|desktop&#8221; background_enable_image_phone=&#8221;off&#8221;][et_pb_row _builder_version=&#8221;4.9.2&#8243; _module_preset=&#8221;default&#8221; width=&#8221;100%&#8221; width_tablet=&#8221;&#8221; width_phone=&#8221;100%&#8221; width_last_edited=&#8221;on|phone&#8221; max_width=&#8221;2355px&#8221; height_tablet=&#8221;&#8221; height_phone=&#8221;100px&#8221; height_last_edited=&#8221;on|phone&#8221; custom_margin=&#8221;-51px|auto||auto||&#8221; custom_padding=&#8221;1px||0px|||&#8221;][et_pb_column type=&#8221;4_4&#8243; _builder_version=&#8221;4.9.2&#8243; _module_preset=&#8221;default&#8221;][et_pb_gallery gallery_ids=&#8221;495,209,206,215&#8243; fullwidth=&#8221;on&#8221; _builder_version=&#8221;4.9.2&#8243; _module_preset=&#8221;default&#8221;][\/et_pb_gallery][\/et_pb_column][\/et_pb_row][et_pb_row _builder_version=&#8221;4.9.2&#8243; _module_preset=&#8221;default&#8221; custom_padding=&#8221;190px|||||&#8221;][et_pb_column type=&#8221;4_4&#8243; _builder_version=&#8221;4.9.2&#8243; _module_preset=&#8221;default&#8221;][et_pb_text _builder_version=&#8221;4.9.2&#8243; _module_preset=&#8221;default&#8221; header_font=&#8221;|600|||||||&#8221; header_3_font=&#8221;Montserrat|600|||||||&#8221; custom_margin=&#8221;||-46px|||&#8221;]<\/p>\n<h3>THIS IS LUKX<\/h3>\n<p>[\/et_pb_text][\/et_pb_column][\/et_pb_row][et_pb_row column_structure=&#8221;1_3,1_3,1_3&#8243; _builder_version=&#8221;4.9.2&#8243; _module_preset=&#8221;default&#8221; custom_margin=&#8221;-20px|auto||auto||&#8221; custom_padding=&#8221;45px|||||&#8221;][et_pb_column type=&#8221;1_3&#8243; _builder_version=&#8221;4.9.2&#8243; _module_preset=&#8221;default&#8221;][et_pb_video src=&#8221;https:\/\/www.youtube.com\/watch?v=7QRoVbX3qUk&#8221; _builder_version=&#8221;4.9.2&#8243; _module_preset=&#8221;default&#8221; src__hover_enabled=&#8221;off|desktop&#8221;][\/et_pb_video][\/et_pb_column][et_pb_column type=&#8221;1_3&#8243; _builder_version=&#8221;4.9.2&#8243; _module_preset=&#8221;default&#8221;][et_pb_video src=&#8221;https:\/\/www.youtube.com\/watch?v=czfGQLuu_so&#8221; _builder_version=&#8221;4.9.2&#8243; _module_preset=&#8221;default&#8221;][\/et_pb_video][\/et_pb_column][et_pb_column type=&#8221;1_3&#8243; _builder_version=&#8221;4.9.2&#8243; _module_preset=&#8221;default&#8221;][et_pb_video src=&#8221;https:\/\/www.youtube.com\/watch?v=EEysBoI4ksg&#038;t=61s&#8221; _builder_version=&#8221;4.9.2&#8243; _module_preset=&#8221;default&#8221;][\/et_pb_video][\/et_pb_column][\/et_pb_row][et_pb_row column_structure=&#8221;1_2,1_2&#8243; custom_padding_last_edited=&#8221;on|phone&#8221; _builder_version=&#8221;4.9.2&#8243; _module_preset=&#8221;default&#8221; custom_margin=&#8221;169px|auto|-11px|auto||&#8221; custom_padding=&#8221;0px||60px||false|false&#8221; custom_padding_tablet=&#8221;0px||5px||false|false&#8221; custom_padding_phone=&#8221;||10px||false|false&#8221;][et_pb_column type=&#8221;1_2&#8243; _builder_version=&#8221;4.9.2&#8243; _module_preset=&#8221;default&#8221;][et_pb_text _builder_version=&#8221;4.9.2&#8243; _module_preset=&#8221;default&#8221; background_video_mp4=&#8221;http:\/\/lukx.be\/tee-shirt\/wp-content\/uploads\/2021\/12\/video-spotify.mp4&#8243; custom_padding=&#8221;0px|||||&#8221;]<\/p>\n<p>&nbsp;<\/p>\n<p>&nbsp;<\/p>\n<p>&nbsp;<\/p>\n<p>&nbsp;<\/p>\n<p>&nbsp;<\/p>\n<p>&nbsp;<\/p>\n<p>&nbsp;<\/p>\n<p>&nbsp;<\/p>\n<p>&nbsp;<\/p>\n<p>[\/et_pb_text][\/et_pb_column][et_pb_column type=&#8221;1_2&#8243; _builder_version=&#8221;4.9.2&#8243; _module_preset=&#8221;default&#8221;][et_pb_text _builder_version=&#8221;4.9.2&#8243; _module_preset=&#8221;default&#8221; text_font=&#8221;Montserrat|600|||||||&#8221; text_text_color=&#8221;rgba(10,6,6,0.8)&#8221; text_font_size=&#8221;20px&#8221; header_4_font=&#8221;Montserrat|300|||||||&#8221; header_4_text_align=&#8221;left&#8221; header_4_text_color=&#8221;#0A0606&#8243; header_4_font_size=&#8221;16px&#8221; custom_margin=&#8221;-3px|||||&#8221; custom_padding=&#8221;42px|||50px|false|false&#8221; custom_padding_tablet=&#8221;42px|||0px|false|false&#8221; custom_padding_phone=&#8221;50px|||0px|false|false&#8221; custom_padding_last_edited=&#8221;on|desktop&#8221;]<\/p>\n<p>FOLLOW US ON SPOTIFY<\/p>\n<h4><span>Lukx is the result of a father and son duo production team,\u00a0 we are Belgian &amp; Swedish, based in Belgium. Mixing French and English in the lyrics, our music is somewhere in-between Hip-Hop\/Rap and Pop. You will find a chill catchy emotion coming straight from a father and son collaboration. <\/span><\/h4>\n<h4><span>Lukx est le r\u00e9sultat d\u2019une production p\u00e8re et fils, Nous sommes belges &amp; su\u00e9dois, et vivons en Belgique. M\u00e9langeant l\u2019anglais et le fran\u00e7ais dans les paroles, notre musique se situe quelque part entre le Hip-Hop\/Rap et la Pop. Vous d\u00e9couvrirez une \u00e9motion chill et captivante directement issue d\u2019une collaboration entre un p\u00e8re et son fils.<\/span><\/h4>\n<p>&nbsp;<\/p>\n<p>[\/et_pb_text][\/et_pb_column][\/et_pb_row][et_pb_row column_structure=&#8221;1_2,1_2&#8243; custom_padding_last_edited=&#8221;on|phone&#8221; _builder_version=&#8221;4.9.2&#8243; _module_preset=&#8221;default&#8221; custom_margin=&#8221;2px|auto|110px|auto||&#8221; custom_padding=&#8221;120px||100px||false|false&#8221; custom_padding_tablet=&#8221;0px||100px||false|false&#8221; custom_padding_phone=&#8221;||10px||false|false&#8221;][et_pb_column type=&#8221;1_2&#8243; _builder_version=&#8221;4.9.2&#8243; _module_preset=&#8221;default&#8221;][et_pb_text _builder_version=&#8221;4.9.2&#8243; _module_preset=&#8221;default&#8221; text_font=&#8221;Montserrat|600|||||||&#8221; text_text_color=&#8221;rgba(10,6,6,0.8)&#8221; text_font_size=&#8221;20px&#8221; header_4_font=&#8221;Montserrat|300|||||||&#8221; header_4_text_align=&#8221;left&#8221; header_4_text_color=&#8221;#0A0606&#8243; header_4_font_size=&#8221;16px&#8221; custom_margin=&#8221;-3px|||||&#8221; custom_padding=&#8221;82px|||0px|false|false&#8221; custom_padding_tablet=&#8221;19px|||0px|false|false&#8221; custom_padding_phone=&#8221;50px|||0px|false|false&#8221; custom_padding_last_edited=&#8221;on|desktop&#8221;]<\/p>\n<p>FOLLOW US ON INSTAGRAM<\/p>\n<h4><span>Lukx is the result of a father and son duo production team,\u00a0 we are Belgian &amp; Swedish, based in Belgium. Mixing French and English in the lyrics, our music is somewhere in-between Hip-Hop\/Rap and Pop. You will find a chill catchy emotion coming straight from a father and son collaboration. <\/span><\/h4>\n<h4><span>Lukx est le r\u00e9sultat d\u2019une production p\u00e8re et fils, Nous sommes belges &amp; su\u00e9dois, et vivons en Belgique. M\u00e9langeant l\u2019anglais et le fran\u00e7ais dans les paroles, notre musique se situe quelque part entre le Hip-Hop\/Rap et la Pop. Vous d\u00e9couvrirez une \u00e9motion chill et captivante directement issue d\u2019une collaboration entre un p\u00e8re et son fils.<\/span><\/h4>\n<p>&nbsp;<\/p>\n<p>[\/et_pb_text][\/et_pb_column][et_pb_column type=&#8221;1_2&#8243; _builder_version=&#8221;4.9.2&#8243; _module_preset=&#8221;default&#8221;][et_pb_text _builder_version=&#8221;4.9.2&#8243; _module_preset=&#8221;default&#8221; background_video_mp4=&#8221;http:\/\/lukx.be\/tee-shirt\/wp-content\/uploads\/2021\/12\/video-instagram-2.mp4&#8243; hover_enabled=&#8221;0&#8243; title_text=&#8221;video instagram&#8221; sticky_enabled=&#8221;0&#8243;]<\/p>\n<p>&nbsp;<\/p>\n<p>&nbsp;<\/p>\n<p>&nbsp;<\/p>\n<p>&nbsp;<\/p>\n<p>&nbsp;<\/p>\n<p>&nbsp;<\/p>\n<p>&nbsp;<\/p>\n<p>&nbsp;<\/p>\n<p>&nbsp;<\/p>\n<p>&nbsp;<\/p>\n<p>[\/et_pb_text][\/et_pb_column][\/et_pb_row][\/et_pb_section]<\/p>\n","protected":false},"excerpt":{"rendered":"<p>[et_pb_section fb_built=&#8221;1&#8243; _builder_version=&#8221;4.9.2&#8243; _module_preset=&#8221;default&#8221; background_enable_image=&#8221;off&#8221; background_size=&#8221;contain&#8221; background_position=&#8221;bottom_center&#8221; custom_padding=&#8221;50px||4px|||&#8221; background_last_edited=&#8221;on|desktop&#8221; background_enable_image_phone=&#8221;off&#8221;][et_pb_row _builder_version=&#8221;4.9.2&#8243; _module_preset=&#8221;default&#8221; width=&#8221;100%&#8221; width_tablet=&#8221;&#8221; width_phone=&#8221;100%&#8221; width_last_edited=&#8221;on|phone&#8221; max_width=&#8221;2355px&#8221; height_tablet=&#8221;&#8221; height_phone=&#8221;100px&#8221; height_last_edited=&#8221;on|phone&#8221; custom_margin=&#8221;-51px|auto||auto||&#8221; custom_padding=&#8221;1px||0px|||&#8221;][et_pb_column type=&#8221;4_4&#8243; _builder_version=&#8221;4.9.2&#8243; _module_preset=&#8221;default&#8221;][et_pb_gallery gallery_ids=&#8221;495,209,206,215&#8243; fullwidth=&#8221;on&#8221; _builder_version=&#8221;4.9.2&#8243; _module_preset=&#8221;default&#8221;][\/et_pb_gallery][\/et_pb_column][\/et_pb_row][et_pb_row _builder_version=&#8221;4.9.2&#8243; _module_preset=&#8221;default&#8221; custom_padding=&#8221;190px|||||&#8221;][et_pb_column type=&#8221;4_4&#8243; _builder_version=&#8221;4.9.2&#8243; _module_preset=&#8221;default&#8221;][et_pb_text _builder_version=&#8221;4.9.2&#8243; _module_preset=&#8221;default&#8221; header_font=&#8221;|600|||||||&#8221; header_3_font=&#8221;Montserrat|600|||||||&#8221; custom_margin=&#8221;||-46px|||&#8221;] THIS IS LUKX [\/et_pb_text][\/et_pb_column][\/et_pb_row][et_pb_row column_structure=&#8221;1_3,1_3,1_3&#8243; _builder_version=&#8221;4.9.2&#8243; _module_preset=&#8221;default&#8221; custom_margin=&#8221;-20px|auto||auto||&#8221; custom_padding=&#8221;45px|||||&#8221;][et_pb_column type=&#8221;1_3&#8243; _builder_version=&#8221;4.9.2&#8243; _module_preset=&#8221;default&#8221;][et_pb_video src=&#8221;https:\/\/www.youtube.com\/watch?v=7QRoVbX3qUk&#8221; _builder_version=&#8221;4.9.2&#8243; _module_preset=&#8221;default&#8221; [&hellip;]<\/p>\n","protected":false},"author":1,"featured_media":0,"parent":0,"menu_order":0,"comment_status":"closed","ping_status":"closed","template":"","meta":{"_et_pb_use_builder":"on","_et_pb_old_content":"","_et_gb_content_width":"","om_disable_all_campaigns":false,"_monsterinsights_skip_tracking":false,"_monsterinsights_sitenote_active":false,"_monsterinsights_sitenote_note":"","_monsterinsights_sitenote_category":0},"_links":{"self":[{"href":"https:\/\/lukx.be\/tee-shirt\/index.php\/wp-json\/wp\/v2\/pages\/461"}],"collection":[{"href":"https:\/\/lukx.be\/tee-shirt\/index.php\/wp-json\/wp\/v2\/pages"}],"about":[{"href":"https:\/\/lukx.be\/tee-shirt\/index.php\/wp-json\/wp\/v2\/types\/page"}],"author":[{"embeddable":true,"href":"https:\/\/lukx.be\/tee-shirt\/index.php\/wp-json\/wp\/v2\/users\/1"}],"replies":[{"embeddable":true,"href":"https:\/\/lukx.be\/tee-shirt\/index.php\/wp-json\/wp\/v2\/comments?post=461"}],"version-history":[{"count":11,"href":"https:\/\/lukx.be\/tee-shirt\/index.php\/wp-json\/wp\/v2\/pages\/461\/revisions"}],"predecessor-version":[{"id":589,"href":"https:\/\/lukx.be\/tee-shirt\/index.php\/wp-json\/wp\/v2\/pages\/461\/revisions\/589"}],"wp:attachment":[{"href":"https:\/\/lukx.be\/tee-shirt\/index.php\/wp-json\/wp\/v2\/media?parent=461"}],"curies":[{"name":"wp","href":"https:\/\/api.w.org\/{rel}","templated":true}]}}