{"id":458,"date":"2021-12-04T21:19:09","date_gmt":"2021-12-04T21:19:09","guid":{"rendered":"https:\/\/lukx.be\/tee-shirt\/?page_id=458"},"modified":"2023-01-19T17:03:38","modified_gmt":"2023-01-19T17:03:38","slug":"about-us","status":"publish","type":"page","link":"https:\/\/lukx.be\/tee-shirt\/index.php\/about-us\/","title":{"rendered":"About us"},"content":{"rendered":"<p>[et_pb_section fb_built=&#8221;1&#8243; _builder_version=&#8221;4.9.2&#8243; _module_preset=&#8221;default&#8221; background_enable_image=&#8221;off&#8221; background_size=&#8221;contain&#8221; background_position=&#8221;bottom_center&#8221; custom_padding=&#8221;50px||4px|||&#8221; background_last_edited=&#8221;on|desktop&#8221; background_enable_image_phone=&#8221;off&#8221;][et_pb_row _builder_version=&#8221;4.9.2&#8243; _module_preset=&#8221;default&#8221; width=&#8221;100%&#8221; width_tablet=&#8221;&#8221; width_phone=&#8221;100%&#8221; width_last_edited=&#8221;on|phone&#8221; max_width=&#8221;2355px&#8221; height_tablet=&#8221;&#8221; height_phone=&#8221;100px&#8221; height_last_edited=&#8221;on|phone&#8221; custom_margin=&#8221;-51px|auto||auto||&#8221; custom_padding=&#8221;1px||0px|||&#8221;][et_pb_column type=&#8221;4_4&#8243; _builder_version=&#8221;4.9.2&#8243; _module_preset=&#8221;default&#8221;][et_pb_gallery gallery_ids=&#8221;495&#8243; fullwidth=&#8221;on&#8221; _builder_version=&#8221;4.9.2&#8243; _module_preset=&#8221;default&#8221; custom_padding=&#8221;||1px|||&#8221;][\/et_pb_gallery][\/et_pb_column][\/et_pb_row][et_pb_row custom_padding_last_edited=&#8221;on|phone&#8221; _builder_version=&#8221;4.9.2&#8243; _module_preset=&#8221;default&#8221; custom_margin=&#8221;|auto|-112px|auto||&#8221; custom_padding=&#8221;2px|||||&#8221; custom_padding_tablet=&#8221;&#8221; custom_padding_phone=&#8221;||||false|false&#8221;][et_pb_column type=&#8221;4_4&#8243; _builder_version=&#8221;4.9.2&#8243; _module_preset=&#8221;default&#8221;][et_pb_text _builder_version=&#8221;4.9.2&#8243; _module_preset=&#8221;default&#8221; header_font=&#8221;Montserrat|600|||||||&#8221; header_text_color=&#8221;#0A0606&#8243; header_font_size=&#8221;32px&#8221; transform_translate=&#8221;-90px|-45px&#8221; custom_margin=&#8221;150px||9px|||&#8221; custom_margin_tablet=&#8221;126px||75px|65px|false|false&#8221; custom_margin_phone=&#8221;100px||45px|75px|false|false&#8221; custom_margin_last_edited=&#8221;on|phone&#8221; custom_padding=&#8221;||3px|||&#8221; hover_enabled=&#8221;0&#8243; text_font_size_tablet=&#8221;&#8221; text_font_size_phone=&#8221;&#8221; text_font_size_last_edited=&#8221;on|phone&#8221; header_font_size_tablet=&#8221;28px&#8221; header_font_size_phone=&#8221;24px&#8221; header_font_size_last_edited=&#8221;on|tablet&#8221; transform_styles_last_edited=&#8221;on|phone&#8221; transform_scale_last_edited=&#8221;on|phone&#8221; transform_translate_last_edited=&#8221;on|phone&#8221; transform_rotate_last_edited=&#8221;on|phone&#8221; transform_skew_last_edited=&#8221;on|phone&#8221; transform_origin_last_edited=&#8221;on|phone&#8221; transform_translate_phone=&#8221;-82px|-45px&#8221; sticky_enabled=&#8221;0&#8243;]<\/p>\n<h1>MUSIC<\/h1>\n<p>[\/et_pb_text][\/et_pb_column][\/et_pb_row][et_pb_row column_structure=&#8221;1_2,1_2&#8243; custom_padding_last_edited=&#8221;on|phone&#8221; _builder_version=&#8221;4.9.2&#8243; _module_preset=&#8221;default&#8221; transform_scale=&#8221;130%|130%&#8221; custom_margin=&#8221;61px|auto|26px|auto||&#8221; custom_padding=&#8221;52px||120px||false|false&#8221; custom_padding_tablet=&#8221;&#8221; custom_padding_phone=&#8221;||10px||false|false&#8221;][et_pb_column type=&#8221;1_2&#8243; _builder_version=&#8221;4.9.2&#8243; _module_preset=&#8221;default&#8221;][et_pb_video src=&#8221;https:\/\/www.youtube.com\/watch?v=x0UF-dL32cI&#8221; image_src=&#8221;\/\/i.ytimg.com\/vi\/x0UF-dL32cI\/hqdefault.jpg&#8221; _builder_version=&#8221;4.9.2&#8243; _module_preset=&#8221;default&#8221; transform_skew_linked=&#8221;off&#8221; width=&#8221;100%&#8221; width_tablet=&#8221;74%&#8221; width_phone=&#8221;&#8221; width_last_edited=&#8221;on|tablet&#8221; custom_padding=&#8221;|||9px||&#8221; hover_enabled=&#8221;0&#8243; module_alignment_tablet=&#8221;center&#8221; module_alignment_phone=&#8221;center&#8221; module_alignment_last_edited=&#8221;on|tablet&#8221; sticky_enabled=&#8221;0&#8243;][\/et_pb_video][\/et_pb_column][et_pb_column type=&#8221;1_2&#8243; _builder_version=&#8221;4.9.2&#8243; _module_preset=&#8221;default&#8221;][et_pb_text _builder_version=&#8221;4.9.2&#8243; _module_preset=&#8221;default&#8221; text_font=&#8221;Montserrat||||||||&#8221; text_text_color=&#8221;rgba(10,6,6,0.8)&#8221; text_font_size=&#8221;18px&#8221; header_4_font=&#8221;Montserrat||||||||&#8221; header_4_text_color=&#8221;#0A0606&#8243; header_4_font_size=&#8221;12px&#8221; custom_margin=&#8221;-3px|||||&#8221; custom_padding=&#8221;0px|||50px|false|false&#8221; custom_padding_tablet=&#8221;20px||||false|false&#8221; custom_padding_phone=&#8221;0px|||0px|false|false&#8221; custom_padding_last_edited=&#8221;on|desktop&#8221; hover_enabled=&#8221;0&#8243; max_width_last_edited=&#8221;on|tablet&#8221; max_width_tablet=&#8221;92%&#8221; height_last_edited=&#8221;on|tablet&#8221; sticky_enabled=&#8221;0&#8243; header_4_text_align=&#8221;left&#8221; custom_margin_last_edited=&#8221;on|phone&#8221; transform_translate=&#8221;11px|-36px&#8221; transform_scale=&#8221;85%|85%&#8221; max_width_phone=&#8221;97%&#8221;]<\/p>\n<h4 style=\"text-align: left;\"><span><\/span><\/h4>\n<h4 style=\"text-align: left;\"><span>Lukx is, first, the result of a father and son duo production team,\u00a0 we are Belgian &amp; Swedish, based in Belgium. Mixing French and English in the lyrics, our music is somewhere in-between Hip-Hop\/Rap and Pop. You will find a chill catchy emotion coming straight from a father and son collaboration. <\/span><\/h4>\n<h4 style=\"text-align: left;\"><span>We also collaborate with 3 very talented friends, Medok, Polen and Jerem. Medok and Polen have their own personnal projects. Go check them out they are awesome !<\/span><\/h4>\n<h4 style=\"text-align: left;\"><span>Lukx est, tout d&#8217;abord, le r\u00e9sultat d\u2019une production p\u00e8re et fils, Nous sommes belges &amp; su\u00e9dois, et vivons en Belgique. M\u00e9langeant l\u2019anglais et le fran\u00e7ais dans les paroles, notre musique se situe quelque part entre le Hip-Hop\/Rap et la Pop. Vous d\u00e9couvrirez une \u00e9motion chill et captivante directement issue d\u2019une collaboration entre un p\u00e8re et son fils. <\/span><\/h4>\n<h4 style=\"text-align: left;\"><span>On collabore \u00e9galement avec 3 amis tr\u00e8s talentueux, Medok, Polen et Jerem. Medok et Polen ayant respectivement leurs projets personnels. Allez les d\u00e9couvrir ils le m\u00e9ritent !<\/span><\/h4>\n<h4><span><\/span><\/h4>\n<h4><span><\/span><\/h4>\n<h4><span><\/span>D\u00e9couvrez notre dernier morceau &#8220;J&#8217;aime trop&#8221;.<\/h4>\n<h4>Check out our latest song &#8220;J&#8217;aime trop&#8221;.<\/h4>\n<p>&nbsp;<\/p>\n<h4><strong>Instagram:<\/strong> @lukxonspotify @dad_producer<\/h4>\n<h4>@medokmusic @polenmusiic<\/h4>\n<p>&nbsp;<\/p>\n<p>[\/et_pb_text][\/et_pb_column][\/et_pb_row][et_pb_row custom_padding_last_edited=&#8221;on|phone&#8221; _builder_version=&#8221;4.9.2&#8243; _module_preset=&#8221;default&#8221; custom_margin=&#8221;|auto|-112px|auto||&#8221; custom_padding=&#8221;2px|||||&#8221; custom_padding_tablet=&#8221;&#8221; custom_padding_phone=&#8221;||||false|false&#8221;][et_pb_column type=&#8221;4_4&#8243; _builder_version=&#8221;4.9.2&#8243; _module_preset=&#8221;default&#8221;][et_pb_text _builder_version=&#8221;4.9.2&#8243; _module_preset=&#8221;default&#8221; header_font=&#8221;Montserrat|600|||||||&#8221; header_text_color=&#8221;#0A0606&#8243; header_font_size=&#8221;28px&#8221; transform_translate=&#8221;950px|-55px&#8221; transform_translate_linked=&#8221;off&#8221; custom_margin=&#8221;3px||9px|||&#8221; custom_padding=&#8221;45px||3px|||&#8221; hover_enabled=&#8221;0&#8243; custom_padding_last_edited=&#8221;on|tablet&#8221; custom_padding_tablet=&#8221;41px|||0px|false|false&#8221; transform_styles_last_edited=&#8221;on|tablet&#8221; transform_scale_last_edited=&#8221;on|tablet&#8221; transform_translate_last_edited=&#8221;on|tablet&#8221; transform_rotate_last_edited=&#8221;on|tablet&#8221; transform_skew_last_edited=&#8221;on|tablet&#8221; transform_origin_last_edited=&#8221;on|tablet&#8221; transform_translate_tablet=&#8221;-44px|-134px&#8221; transform_scale_tablet=&#8221;88%|88%&#8221; sticky_enabled=&#8221;0&#8243; transform_translate_phone=&#8221;-26px|-13px&#8221; header_font_size_last_edited=&#8221;on|desktop&#8221;]<\/p>\n<h1 style=\"text-align: left;\">BRAND\/MARQUE<\/h1>\n<p>[\/et_pb_text][\/et_pb_column][\/et_pb_row][\/et_pb_section][et_pb_section fb_built=&#8221;1&#8243; _builder_version=&#8221;4.9.2&#8243; _module_preset=&#8221;default&#8221;][et_pb_row column_structure=&#8221;1_2,1_2&#8243; custom_padding_last_edited=&#8221;on|phone&#8221; _builder_version=&#8221;4.9.2&#8243; _module_preset=&#8221;default&#8221; transform_scale=&#8221;130%|130%&#8221; custom_margin=&#8221;3px|auto|26px|auto||&#8221; custom_padding=&#8221;52px||150px||false|false&#8221; custom_padding_tablet=&#8221;||25px||false|false&#8221; custom_padding_phone=&#8221;||0px||false|false&#8221; hover_enabled=&#8221;0&#8243; custom_margin_last_edited=&#8221;on|phone&#8221; custom_margin_phone=&#8221;3px|auto|-45px|auto|false|false&#8221; sticky_enabled=&#8221;0&#8243; custom_margin_tablet=&#8221;||0px||false|false&#8221;][et_pb_column type=&#8221;1_2&#8243; _builder_version=&#8221;4.9.2&#8243; _module_preset=&#8221;default&#8221;][et_pb_text _builder_version=&#8221;4.9.2&#8243; _module_preset=&#8221;default&#8221; text_font=&#8221;Montserrat||||||||&#8221; text_text_color=&#8221;rgba(10,6,6,0.8)&#8221; text_font_size=&#8221;18px&#8221; header_4_font=&#8221;Montserrat||||||||&#8221; header_4_text_color=&#8221;#0A0606&#8243; header_4_font_size=&#8221;12px&#8221; custom_margin=&#8221;-3px|||||&#8221; custom_padding=&#8221;0px|||50px|false|false&#8221; custom_padding_tablet=&#8221;&#8221; custom_padding_phone=&#8221;50px|||0px|false|false&#8221; custom_padding_last_edited=&#8221;on|desktop&#8221; hover_enabled=&#8221;0&#8243; max_width_last_edited=&#8221;on|tablet&#8221; max_width_tablet=&#8221;92%&#8221; sticky_enabled=&#8221;0&#8243; transform_translate=&#8221;12px|-34px&#8221; max_width_phone=&#8221;95%&#8221; header_font_size_last_edited=&#8221;on|phone&#8221; transform_scale=&#8221;85%|85%&#8221;]<\/p>\n<h4 style=\"text-align: left;\"><\/h4>\n<h4 class=\"p1\">Ce projet est le fruit d\u2019une volont\u00e9 de cr\u00e9ation et de collaboration entre deux amis et artistes ayant des comp\u00e9tences artistiques diff\u00e9rentes mais qui se compl\u00e8tent.<\/h4>\n<h4 class=\"p1\">Les illustrations sont des dessins originaux r\u00e9alis\u00e9s par Etienne McDowell dans le but d\u2019illustrer des morceaux qu\u2019on a compos\u00e9. Une mani\u00e8re diff\u00e9rente pour vous de pouvoir nous soutenir.<\/h4>\n<h4 class=\"p1\">Nous imprimons nos t-shirts nous-m\u00eame en s\u00e9rigraphie. Une vid\u00e9o de la production du premier drop qu\u2019on avait lanc\u00e9 l\u2019an dernier est disponible sur la droite de ce texte.<\/h4>\n<h4 class=\"p2\"><\/h4>\n<h4 class=\"p2\"><\/h4>\n<h4 class=\"p1\">This project is the result of a desire for creation and collaboration between two friends and artists with different but complementary artistic skills.<\/h4>\n<h4 class=\"p1\">The illustrations are original drawings made by Etienne McDowell to illustrate songs we\u2019ve made. A different way for you to be able to support us.<\/h4>\n<h4 class=\"p1\">We screenprint our t-shirts ourselves. A video of the first drop that we launched last year is available on the right of this text.<\/h4>\n<p>&nbsp;<\/p>\n<h4><strong>Instagram:<\/strong> @etiennemcd @lukx_onspotify<\/h4>\n<p>&nbsp;<\/p>\n<p>[\/et_pb_text][\/et_pb_column][et_pb_column type=&#8221;1_2&#8243; _builder_version=&#8221;4.9.2&#8243; _module_preset=&#8221;default&#8221;][et_pb_video src=&#8221;https:\/\/www.youtube.com\/watch?v=gfBQiwE_pnE&#8221; image_src=&#8221;http:\/\/lukx.be\/tee-shirt\/wp-content\/uploads\/2021\/03\/Screenshot-2021-03-14-at-20.52.18.png&#8221; _builder_version=&#8221;4.9.2&#8243; _module_preset=&#8221;default&#8221; transform_skew_linked=&#8221;off&#8221; width=&#8221;100%&#8221; custom_padding=&#8221;|||9px||&#8221; hover_enabled=&#8221;0&#8243; transform_styles_last_edited=&#8221;on|tablet&#8221; transform_scale_last_edited=&#8221;on|tablet&#8221; transform_translate_last_edited=&#8221;on|tablet&#8221; transform_rotate_last_edited=&#8221;on|tablet&#8221; transform_skew_last_edited=&#8221;on|tablet&#8221; transform_origin_last_edited=&#8221;on|tablet&#8221; transform_translate_tablet=&#8221;0px|-128px&#8221; transform_scale_tablet=&#8221;76%|76%&#8221; sticky_enabled=&#8221;0&#8243; transform_translate_phone=&#8221;0px|-142px&#8221;][\/et_pb_video][\/et_pb_column][\/et_pb_row][\/et_pb_section]<\/p>\n","protected":false},"excerpt":{"rendered":"<p>[et_pb_section fb_built=&#8221;1&#8243; _builder_version=&#8221;4.9.2&#8243; _module_preset=&#8221;default&#8221; background_enable_image=&#8221;off&#8221; background_size=&#8221;contain&#8221; background_position=&#8221;bottom_center&#8221; custom_padding=&#8221;50px||4px|||&#8221; background_last_edited=&#8221;on|desktop&#8221; background_enable_image_phone=&#8221;off&#8221;][et_pb_row _builder_version=&#8221;4.9.2&#8243; _module_preset=&#8221;default&#8221; width=&#8221;100%&#8221; width_tablet=&#8221;&#8221; width_phone=&#8221;100%&#8221; width_last_edited=&#8221;on|phone&#8221; max_width=&#8221;2355px&#8221; height_tablet=&#8221;&#8221; height_phone=&#8221;100px&#8221; height_last_edited=&#8221;on|phone&#8221; custom_margin=&#8221;-51px|auto||auto||&#8221; custom_padding=&#8221;1px||0px|||&#8221;][et_pb_column type=&#8221;4_4&#8243; _builder_version=&#8221;4.9.2&#8243; _module_preset=&#8221;default&#8221;][et_pb_gallery gallery_ids=&#8221;495&#8243; fullwidth=&#8221;on&#8221; _builder_version=&#8221;4.9.2&#8243; _module_preset=&#8221;default&#8221; custom_padding=&#8221;||1px|||&#8221;][\/et_pb_gallery][\/et_pb_column][\/et_pb_row][et_pb_row custom_padding_last_edited=&#8221;on|phone&#8221; _builder_version=&#8221;4.9.2&#8243; _module_preset=&#8221;default&#8221; custom_margin=&#8221;|auto|-112px|auto||&#8221; custom_padding=&#8221;2px|||||&#8221; custom_padding_tablet=&#8221;&#8221; custom_padding_phone=&#8221;||||false|false&#8221;][et_pb_column type=&#8221;4_4&#8243; _builder_version=&#8221;4.9.2&#8243; _module_preset=&#8221;default&#8221;][et_pb_text _builder_version=&#8221;4.9.2&#8243; _module_preset=&#8221;default&#8221; header_font=&#8221;Montserrat|600|||||||&#8221; header_text_color=&#8221;#0A0606&#8243; header_font_size=&#8221;32px&#8221; transform_translate=&#8221;-90px|-45px&#8221; custom_margin=&#8221;150px||9px|||&#8221; custom_margin_tablet=&#8221;126px||75px|65px|false|false&#8221; custom_margin_phone=&#8221;100px||45px|75px|false|false&#8221; custom_margin_last_edited=&#8221;on|phone&#8221; custom_padding=&#8221;||3px|||&#8221; hover_enabled=&#8221;0&#8243; text_font_size_tablet=&#8221;&#8221; text_font_size_phone=&#8221;&#8221; text_font_size_last_edited=&#8221;on|phone&#8221; [&hellip;]<\/p>\n","protected":false},"author":1,"featured_media":0,"parent":0,"menu_order":0,"comment_status":"closed","ping_status":"closed","template":"","meta":{"_et_pb_use_builder":"on","_et_pb_old_content":"","_et_gb_content_width":"","om_disable_all_campaigns":false,"_monsterinsights_skip_tracking":false,"_monsterinsights_sitenote_active":false,"_monsterinsights_sitenote_note":"","_monsterinsights_sitenote_category":0},"_links":{"self":[{"href":"https:\/\/lukx.be\/tee-shirt\/index.php\/wp-json\/wp\/v2\/pages\/458"}],"collection":[{"href":"https:\/\/lukx.be\/tee-shirt\/index.php\/wp-json\/wp\/v2\/pages"}],"about":[{"href":"https:\/\/lukx.be\/tee-shirt\/index.php\/wp-json\/wp\/v2\/types\/page"}],"author":[{"embeddable":true,"href":"https:\/\/lukx.be\/tee-shirt\/index.php\/wp-json\/wp\/v2\/users\/1"}],"replies":[{"embeddable":true,"href":"https:\/\/lukx.be\/tee-shirt\/index.php\/wp-json\/wp\/v2\/comments?post=458"}],"version-history":[{"count":17,"href":"https:\/\/lukx.be\/tee-shirt\/index.php\/wp-json\/wp\/v2\/pages\/458\/revisions"}],"predecessor-version":[{"id":625,"href":"https:\/\/lukx.be\/tee-shirt\/index.php\/wp-json\/wp\/v2\/pages\/458\/revisions\/625"}],"wp:attachment":[{"href":"https:\/\/lukx.be\/tee-shirt\/index.php\/wp-json\/wp\/v2\/media?parent=458"}],"curies":[{"name":"wp","href":"https:\/\/api.w.org\/{rel}","templated":true}]}}